{"id":644,"date":"2016-02-29T15:31:38","date_gmt":"2016-02-29T14:31:38","guid":{"rendered":"https:\/\/www.before-muenchen.de\/fr\/beratung\/"},"modified":"2016-10-07T12:07:02","modified_gmt":"2016-10-07T10:07:02","slug":"conseil","status":"publish","type":"page","link":"https:\/\/www.before-muenchen.de\/fr\/conseil\/","title":{"rendered":"Conseil"},"content":{"rendered":"<p>Le premier entretien doit avoir lieu, dans l\u2019id\u00e9al, le plus rapidement possible apr\u00e8s l\u2019incident dans nos locaux du centre de Munich ou dans un lieu choisi par la personne en difficult\u00e9.<br \/>\nLes personnes concern\u00e9es indirectement \u2013 comme les membres de la famille, les amis ou les t\u00e9moins de l\u2019incident \u2013 peuvent aussi bien profiter de nos conseils que les personnes directement concern\u00e9es.<\/p>\n<h3>Notre conseil est\u2026<\/h3>\n<ul>\n<li><strong>confidentiel.<\/strong> Les entretiens ont lieu en toute discr\u00e9tion et sont men\u00e9s de mani\u00e8re confidentielle.<\/li>\n<li><strong>anonyme.<\/strong> Aucune donn\u00e9e personnelle ne peut \u00eatre collect\u00e9e \u00e0 l\u2019issue de l\u2019enregistrement d\u2019un incident.<\/li>\n<li><strong>gratuit.<\/strong><\/li>\n<li><strong>ind\u00e9pendant des autorit\u00e9s publiques.<\/strong> Nous travaillons en toute ind\u00e9pendance de la police ou des tribunaux, par exemple.<\/li>\n<li><strong>partial.<\/strong> Nous d\u00e9fendons uniquement la perspective et l\u2019int\u00e9r\u00eat des personnes venant chercher de l\u2019aide.<\/li>\n<li><strong>volontaire.<\/strong><\/li>\n<li><strong>en plusieurs langues.<\/strong> En cas de probl\u00e8mes de compr\u00e9hension, nous nous chargeons de trouver un interpr\u00e8te.<\/li>\n<\/ul>","protected":false},"excerpt":{"rendered":"<p>Le premier entretien doit avoir lieu, dans &#8230; <\/p>\n","protected":false},"author":1,"featured_media":0,"parent":0,"menu_order":10,"comment_status":"closed","ping_status":"closed","template":"page-weiterlesen-templ.php","meta":{"_acf_changed":false,"footnotes":""},"class_list":["post-644","page","type-page","status-publish","hentry"],"acf":[],"_links":{"self":[{"href":"https:\/\/www.before-muenchen.de\/fr\/wp-json\/wp\/v2\/pages\/644","targetHints":{"allow":["GET"]}}],"collection":[{"href":"https:\/\/www.before-muenchen.de\/fr\/wp-json\/wp\/v2\/pages"}],"about":[{"href":"https:\/\/www.before-muenchen.de\/fr\/wp-json\/wp\/v2\/types\/page"}],"author":[{"embeddable":true,"href":"https:\/\/www.before-muenchen.de\/fr\/wp-json\/wp\/v2\/users\/1"}],"replies":[{"embeddable":true,"href":"https:\/\/www.before-muenchen.de\/fr\/wp-json\/wp\/v2\/comments?post=644"}],"version-history":[{"count":4,"href":"https:\/\/www.before-muenchen.de\/fr\/wp-json\/wp\/v2\/pages\/644\/revisions"}],"predecessor-version":[{"id":697,"href":"https:\/\/www.before-muenchen.de\/fr\/wp-json\/wp\/v2\/pages\/644\/revisions\/697"}],"wp:attachment":[{"href":"https:\/\/www.before-muenchen.de\/fr\/wp-json\/wp\/v2\/media?parent=644"}],"curies":[{"name":"wp","href":"https:\/\/api.w.org\/{rel}","templated":true}]}}