{"id":657,"date":"2016-02-29T15:32:09","date_gmt":"2016-02-29T14:32:09","guid":{"rendered":"https:\/\/www.before-muenchen.de\/fr\/conseil\/antidiskriminierungsberatung\/"},"modified":"2016-10-06T12:26:41","modified_gmt":"2016-10-06T10:26:41","slug":"conseil-antidiscrimination","status":"publish","type":"page","link":"https:\/\/www.before-muenchen.de\/fr\/conseil\/conseil-antidiscrimination\/","title":{"rendered":"Conseil antidiscrimination"},"content":{"rendered":"<p>Il n\u2019est pas rare que des personnes soient confront\u00e9es \u00e0 une in\u00e9galit\u00e9 de traitement sur la base de leur apparence physique. BEFORE entend lutter contre toute forme de discrimination en \u00e9tant \u00e0 l\u2019\u00e9coute des besoins des personnes concern\u00e9es.<br \/>\nPoursuivant l\u2019objectif de d\u00e9noncer la discrimination structurelle, ses causes et ses cons\u00e9quences, BEFORE s\u2019engage pour une politique d\u2019\u00e9galit\u00e9 en droit et de traitement.<\/p>\n<p><strong>Domaines de discrimination :<\/strong><\/p>\n<ul>\n<li>march\u00e9 du travail et du logement<\/li>\n<li>prestations de biens et de services<\/li>\n<li>monde du travail<\/li>\n<li>sant\u00e9<\/li>\n<li>services administratifs \/ autorit\u00e9s<\/li>\n<li>milieu \u00e9ducatif<\/li>\n<li>contr\u00f4les d\u2019identit\u00e9 par la police ou contr\u00f4le des titres de transport dans les transports publics (RACIAL PROFILING)<\/li>\n<li>loisirs (p. ex. pratiques constat\u00e9es \u00e0 l\u2019entr\u00e9e des clubs : <a href=\"http:\/\/www.glokal.org\/prozesse-gegen-rassismus-im-munchner-nachtleben-kontroverse-und-skandalose-gerichtsentscheidungen\/\" target=\"_blank\">prozesse-gegen-rassismus-im-muenchner-nachtleben-kontroverse-und-skandalose-gerichtsentscheidungen<\/a>)<\/li>\n<\/ul>\n<p><a href=\"https:\/\/www.before-muenchen.de\/fr\/conseil\/que-faire-en-cas-de-discrimination\/\">Que faire en cas de discrimination ?<\/a><\/p>","protected":false},"excerpt":{"rendered":"<p>Il n\u2019est pas rare que des personnes &#8230; <\/p>\n","protected":false},"author":1,"featured_media":0,"parent":644,"menu_order":10,"comment_status":"closed","ping_status":"closed","template":"page-weiterlesen-templ.php","meta":{"_acf_changed":false,"footnotes":""},"class_list":["post-657","page","type-page","status-publish","hentry"],"acf":[],"_links":{"self":[{"href":"https:\/\/www.before-muenchen.de\/fr\/wp-json\/wp\/v2\/pages\/657","targetHints":{"allow":["GET"]}}],"collection":[{"href":"https:\/\/www.before-muenchen.de\/fr\/wp-json\/wp\/v2\/pages"}],"about":[{"href":"https:\/\/www.before-muenchen.de\/fr\/wp-json\/wp\/v2\/types\/page"}],"author":[{"embeddable":true,"href":"https:\/\/www.before-muenchen.de\/fr\/wp-json\/wp\/v2\/users\/1"}],"replies":[{"embeddable":true,"href":"https:\/\/www.before-muenchen.de\/fr\/wp-json\/wp\/v2\/comments?post=657"}],"version-history":[{"count":5,"href":"https:\/\/www.before-muenchen.de\/fr\/wp-json\/wp\/v2\/pages\/657\/revisions"}],"predecessor-version":[{"id":696,"href":"https:\/\/www.before-muenchen.de\/fr\/wp-json\/wp\/v2\/pages\/657\/revisions\/696"}],"up":[{"embeddable":true,"href":"https:\/\/www.before-muenchen.de\/fr\/wp-json\/wp\/v2\/pages\/644"}],"wp:attachment":[{"href":"https:\/\/www.before-muenchen.de\/fr\/wp-json\/wp\/v2\/media?parent=657"}],"curies":[{"name":"wp","href":"https:\/\/api.w.org\/{rel}","templated":true}]}}